{"id":620,"date":"2023-01-23T12:38:55","date_gmt":"2023-01-23T12:38:55","guid":{"rendered":"https:\/\/www.flydreamsalentejo.com\/?page_id=620"},"modified":"2023-03-17T11:14:29","modified_gmt":"2023-03-17T11:14:29","slug":"contactos","status":"publish","type":"page","link":"https:\/\/flydreamsalentejo.com\/en\/contactos\/","title":{"rendered":"Contact"},"content":{"rendered":"<div data-elementor-type=\"wp-page\" data-elementor-id=\"620\" class=\"elementor elementor-620\" data-elementor-post-type=\"page\">\n\t\t\t\t<div class=\"elementor-element elementor-element-273eacf e-con-full e-flex e-con e-parent\" data-id=\"273eacf\" data-element_type=\"container\" data-e-type=\"container\">\n\t\t\t\t<div class=\"elementor-element elementor-element-8e57dca elementor-widget elementor-widget-heading\" data-id=\"8e57dca\" data-element_type=\"widget\" data-e-type=\"widget\" data-widget_type=\"heading.default\">\n\t\t\t\t<div class=\"elementor-widget-container\">\n\t\t\t\t\t<h1 class=\"elementor-heading-title elementor-size-default\">Where we are and business hours<\/h1>\t\t\t\t<\/div>\n\t\t\t\t<\/div>\n\t\t\t\t<\/div>\n\t\t<div class=\"elementor-element elementor-element-1732fa0 e-con-full e-flex e-con e-parent\" data-id=\"1732fa0\" data-element_type=\"container\" data-e-type=\"container\">\n\t\t\t\t<div class=\"elementor-element elementor-element-3390bbb elementor-widget__width-initial elementor-widget-mobile__width-inherit elementor-widget elementor-widget-google_maps\" data-id=\"3390bbb\" data-element_type=\"widget\" data-e-type=\"widget\" data-widget_type=\"google_maps.default\">\n\t\t\t\t<div class=\"elementor-widget-container\">\n\t\t\t\t\t\t\t<div class=\"elementor-custom-embed\">\n\t\t\t<iframe loading=\"lazy\"\n\t\t\t\t\tsrc=\"https:\/\/maps.google.com\/maps?q=Herdade%20dos%20Barros%2C%207250-065%20Terena%2C%20Alandroal%2C%20Portugal&#038;t=m&#038;z=15&#038;output=embed&#038;iwloc=near\"\n\t\t\t\t\ttitle=\"Herdade dos Barros, 7250-065 Terena, Alandroal, Portugal\"\n\t\t\t\t\taria-label=\"Herdade dos Barros, 7250-065 Terena, Alandroal, Portugal\"\n\t\t\t><\/iframe>\n\t\t<\/div>\n\t\t\t\t\t\t<\/div>\n\t\t\t\t<\/div>\n\t\t<div class=\"elementor-element elementor-element-5e38369 e-con-full e-flex e-con e-child\" data-id=\"5e38369\" data-element_type=\"container\" data-e-type=\"container\">\n\t\t<div class=\"elementor-element elementor-element-3fe3428 e-con-full e-flex e-con e-child\" data-id=\"3fe3428\" data-element_type=\"container\" data-e-type=\"container\">\n\t\t\t\t<div class=\"elementor-element elementor-element-9dc736a elementor-widget-mobile__width-initial elementor-widget elementor-widget-image\" data-id=\"9dc736a\" data-element_type=\"widget\" data-e-type=\"widget\" data-widget_type=\"image.default\">\n\t\t\t\t<div class=\"elementor-widget-container\">\n\t\t\t\t\t\t\t\t\t\t\t\t\t\t\t<img decoding=\"async\" width=\"50\" height=\"50\" src=\"https:\/\/flydreamsalentejo.com\/wp-content\/uploads\/2023\/01\/email-aviao-3.png\" class=\"attachment-large size-large wp-image-702\" alt=\"\" \/>\t\t\t\t\t\t\t\t\t\t\t\t\t\t\t<\/div>\n\t\t\t\t<\/div>\n\t\t\t\t<div class=\"elementor-element elementor-element-6de7e96 elementor-widget elementor-widget-text-editor\" data-id=\"6de7e96\" data-element_type=\"widget\" data-e-type=\"widget\" data-widget_type=\"text-editor.default\">\n\t\t\t\t<div class=\"elementor-widget-container\">\n\t\t\t\t\t\t\t\t\t<a href=\"mailto:flydreamsalentejo@gmail.com\">flydreamsalentejo@gmail.com<\/a>\t\t\t\t\t\t\t\t<\/div>\n\t\t\t\t<\/div>\n\t\t\t\t<\/div>\n\t\t<div class=\"elementor-element elementor-element-d5243ce e-con-full e-flex e-con e-child\" data-id=\"d5243ce\" data-element_type=\"container\" data-e-type=\"container\">\n\t\t\t\t<div class=\"elementor-element elementor-element-e615db9 elementor-widget-mobile__width-initial elementor-widget elementor-widget-image\" data-id=\"e615db9\" data-element_type=\"widget\" data-e-type=\"widget\" data-widget_type=\"image.default\">\n\t\t\t\t<div class=\"elementor-widget-container\">\n\t\t\t\t\t\t\t\t\t\t\t\t\t\t\t<img decoding=\"async\" width=\"50\" height=\"50\" src=\"https:\/\/flydreamsalentejo.com\/wp-content\/uploads\/2023\/01\/teletone-3.png\" class=\"attachment-large size-large wp-image-704\" alt=\"\" \/>\t\t\t\t\t\t\t\t\t\t\t\t\t\t\t<\/div>\n\t\t\t\t<\/div>\n\t\t\t\t<div class=\"elementor-element elementor-element-6613968 elementor-widget elementor-widget-text-editor\" data-id=\"6613968\" data-element_type=\"widget\" data-e-type=\"widget\" data-widget_type=\"text-editor.default\">\n\t\t\t\t<div class=\"elementor-widget-container\">\n\t\t\t\t\t\t\t\t\t<p>+351 964 310 216<\/p>\t\t\t\t\t\t\t\t<\/div>\n\t\t\t\t<\/div>\n\t\t\t\t<\/div>\n\t\t<div class=\"elementor-element elementor-element-7b0477a e-con-full e-flex e-con e-child\" data-id=\"7b0477a\" data-element_type=\"container\" data-e-type=\"container\">\n\t\t\t\t<div class=\"elementor-element elementor-element-9642c6a elementor-widget-mobile__width-initial elementor-widget elementor-widget-image\" data-id=\"9642c6a\" data-element_type=\"widget\" data-e-type=\"widget\" data-widget_type=\"image.default\">\n\t\t\t\t<div class=\"elementor-widget-container\">\n\t\t\t\t\t\t\t\t\t\t\t\t\t\t\t<img decoding=\"async\" width=\"50\" height=\"50\" src=\"https:\/\/flydreamsalentejo.com\/wp-content\/uploads\/2023\/01\/GEORREFERENCIACAO-PRETO-3.png\" class=\"attachment-large size-large wp-image-703\" alt=\"\" \/>\t\t\t\t\t\t\t\t\t\t\t\t\t\t\t<\/div>\n\t\t\t\t<\/div>\n\t\t\t\t<div class=\"elementor-element elementor-element-4a4a99e elementor-widget elementor-widget-text-editor\" data-id=\"4a4a99e\" data-element_type=\"widget\" data-e-type=\"widget\" data-widget_type=\"text-editor.default\">\n\t\t\t\t<div class=\"elementor-widget-container\">\n\t\t\t\t\t\t\t\t\t<p>Herdade dos Barros, 7250-065 Terena, Alandroal, Portugal<\/p>\t\t\t\t\t\t\t\t<\/div>\n\t\t\t\t<\/div>\n\t\t\t\t<\/div>\n\t\t\t\t<div class=\"elementor-element elementor-element-8b00619 elementor-widget elementor-widget-text-editor\" data-id=\"8b00619\" data-element_type=\"widget\" data-e-type=\"widget\" data-widget_type=\"text-editor.default\">\n\t\t\t\t<div class=\"elementor-widget-container\">\n\t\t\t\t\t\t\t\t\t<h2>Business hours<\/h2><ul><li><strong>We are open every day<\/strong><ul><li><strong>Morning:<\/strong> 9:30am to 12:30pm<\/li><li><strong>Afternoon:<\/strong> 2 pm to 8:30 pm<\/li><\/ul><\/li><li><strong>Closed:<\/strong> Christmas<\/li><\/ul>\t\t\t\t\t\t\t\t<\/div>\n\t\t\t\t<\/div>\n\t\t\t\t<\/div>\n\t\t\t\t<\/div>\n\t\t\t\t<\/div>","protected":false},"excerpt":{"rendered":"<p>Onde estamos e hor\u00e1rio flydreamsalentejo@gmail.com +351 964 310 216 Herdade dos Barros, 7250-065 Terena, Alandroal, Portugal Hor\u00e1rio Estamos aberto todos os dias Manh\u00e3: das 9:30h \u00e0s 12:30h Tarde: das 14h \u00e0s 20:30h Encerrado: Natal<\/p>","protected":false},"author":1,"featured_media":0,"parent":0,"menu_order":0,"comment_status":"closed","ping_status":"closed","template":"","meta":{"_acf_changed":false,"site-sidebar-layout":"no-sidebar","site-content-layout":"page-builder","ast-site-content-layout":"default","site-content-style":"default","site-sidebar-style":"default","ast-global-header-display":"","ast-banner-title-visibility":"","ast-main-header-display":"","ast-hfb-above-header-display":"","ast-hfb-below-header-display":"","ast-hfb-mobile-header-display":"","site-post-title":"disabled","ast-breadcrumbs-content":"","ast-featured-img":"disabled","footer-sml-layout":"","theme-transparent-header-meta":"","adv-header-id-meta":"","stick-header-meta":"","header-above-stick-meta":"","header-main-stick-meta":"","header-below-stick-meta":"","astra-migrate-meta-layouts":"default","ast-page-background-enabled":"default","ast-page-background-meta":{"desktop":{"background-color":"var(--ast-global-color-4)","background-image":"","background-repeat":"repeat","background-position":"center center","background-size":"auto","background-attachment":"scroll","background-type":"","background-media":"","overlay-type":"","overlay-color":"","overlay-opacity":"","overlay-gradient":""},"tablet":{"background-color":"","background-image":"","background-repeat":"repeat","background-position":"center center","background-size":"auto","background-attachment":"scroll","background-type":"","background-media":"","overlay-type":"","overlay-color":"","overlay-opacity":"","overlay-gradient":""},"mobile":{"background-color":"","background-image":"","background-repeat":"repeat","background-position":"center center","background-size":"auto","background-attachment":"scroll","background-type":"","background-media":"","overlay-type":"","overlay-color":"","overlay-opacity":"","overlay-gradient":""}},"ast-content-background-meta":{"desktop":{"background-color":"var(--ast-global-color-5)","background-image":"","background-repeat":"repeat","background-position":"center center","background-size":"auto","background-attachment":"scroll","background-type":"","background-media":"","overlay-type":"","overlay-color":"","overlay-opacity":"","overlay-gradient":""},"tablet":{"background-color":"var(--ast-global-color-5)","background-image":"","background-repeat":"repeat","background-position":"center center","background-size":"auto","background-attachment":"scroll","background-type":"","background-media":"","overlay-type":"","overlay-color":"","overlay-opacity":"","overlay-gradient":""},"mobile":{"background-color":"var(--ast-global-color-5)","background-image":"","background-repeat":"repeat","background-position":"center center","background-size":"auto","background-attachment":"scroll","background-type":"","background-media":"","overlay-type":"","overlay-color":"","overlay-opacity":"","overlay-gradient":""}},"footnotes":""},"class_list":["post-620","page","type-page","status-publish","hentry"],"acf":[],"yoast_head":"<!-- This site is optimized with the Yoast SEO plugin v25.4 - https:\/\/yoast.com\/wordpress\/plugins\/seo\/ -->\n<title>Contactos - FlyDreams Alentejo<\/title>\n<meta name=\"robots\" content=\"index, follow, max-snippet:-1, max-image-preview:large, max-video-preview:-1\" \/>\n<link rel=\"canonical\" href=\"https:\/\/flydreamsalentejo.com\/en\/contactos\/\" \/>\n<meta property=\"og:locale\" content=\"en_US\" \/>\n<meta property=\"og:type\" content=\"article\" \/>\n<meta property=\"og:title\" content=\"Contactos - FlyDreams Alentejo\" \/>\n<meta property=\"og:description\" content=\"Onde estamos e hor\u00e1rio flydreamsalentejo@gmail.com +351 964 310 216 Herdade dos Barros, 7250-065 Terena, Alandroal, Portugal Hor\u00e1rio Estamos aberto todos os dias Manh\u00e3: das 9:30h \u00e0s 12:30h Tarde: das 14h \u00e0s 20:30h Encerrado: Natal\" \/>\n<meta property=\"og:url\" content=\"https:\/\/flydreamsalentejo.com\/en\/contactos\/\" \/>\n<meta property=\"og:site_name\" content=\"FlyDreams Alentejo\" \/>\n<meta property=\"article:modified_time\" content=\"2023-03-17T11:14:29+00:00\" \/>\n<meta property=\"og:image\" content=\"https:\/\/flydreamsalentejo.com\/wp-content\/uploads\/2023\/01\/email-aviao-3.png\" \/>\n<meta name=\"twitter:card\" content=\"summary_large_image\" \/>\n<script type=\"application\/ld+json\" class=\"yoast-schema-graph\">{\"@context\":\"https:\/\/schema.org\",\"@graph\":[{\"@type\":\"WebPage\",\"@id\":\"https:\/\/flydreamsalentejo.com\/contactos\/\",\"url\":\"https:\/\/flydreamsalentejo.com\/contactos\/\",\"name\":\"Contactos - FlyDreams Alentejo\",\"isPartOf\":{\"@id\":\"https:\/\/flydreamsalentejo.com\/#website\"},\"primaryImageOfPage\":{\"@id\":\"https:\/\/flydreamsalentejo.com\/contactos\/#primaryimage\"},\"image\":{\"@id\":\"https:\/\/flydreamsalentejo.com\/contactos\/#primaryimage\"},\"thumbnailUrl\":\"https:\/\/flydreamsalentejo.com\/wp-content\/uploads\/2023\/01\/email-aviao-3.png\",\"datePublished\":\"2023-01-23T12:38:55+00:00\",\"dateModified\":\"2023-03-17T11:14:29+00:00\",\"breadcrumb\":{\"@id\":\"https:\/\/flydreamsalentejo.com\/contactos\/#breadcrumb\"},\"inLanguage\":\"en-US\",\"potentialAction\":[{\"@type\":\"ReadAction\",\"target\":[\"https:\/\/flydreamsalentejo.com\/contactos\/\"]}]},{\"@type\":\"ImageObject\",\"inLanguage\":\"en-US\",\"@id\":\"https:\/\/flydreamsalentejo.com\/contactos\/#primaryimage\",\"url\":\"https:\/\/flydreamsalentejo.com\/wp-content\/uploads\/2023\/01\/email-aviao-3.png\",\"contentUrl\":\"https:\/\/flydreamsalentejo.com\/wp-content\/uploads\/2023\/01\/email-aviao-3.png\"},{\"@type\":\"BreadcrumbList\",\"@id\":\"https:\/\/flydreamsalentejo.com\/contactos\/#breadcrumb\",\"itemListElement\":[{\"@type\":\"ListItem\",\"position\":1,\"name\":\"Home\",\"item\":\"https:\/\/flydreamsalentejo.com\/\"},{\"@type\":\"ListItem\",\"position\":2,\"name\":\"Contactos\"}]},{\"@type\":\"WebSite\",\"@id\":\"https:\/\/flydreamsalentejo.com\/#website\",\"url\":\"https:\/\/flydreamsalentejo.com\/\",\"name\":\"FlyDreams Alentejo\",\"description\":\"Nada se compara a um voo de bal\u00e3o de ar quente.\",\"publisher\":{\"@id\":\"https:\/\/flydreamsalentejo.com\/#organization\"},\"potentialAction\":[{\"@type\":\"SearchAction\",\"target\":{\"@type\":\"EntryPoint\",\"urlTemplate\":\"https:\/\/flydreamsalentejo.com\/?s={search_term_string}\"},\"query-input\":{\"@type\":\"PropertyValueSpecification\",\"valueRequired\":true,\"valueName\":\"search_term_string\"}}],\"inLanguage\":\"en-US\"},{\"@type\":\"Organization\",\"@id\":\"https:\/\/flydreamsalentejo.com\/#organization\",\"name\":\"FlyDreams Alentejo\",\"url\":\"https:\/\/flydreamsalentejo.com\/\",\"logo\":{\"@type\":\"ImageObject\",\"inLanguage\":\"en-US\",\"@id\":\"https:\/\/flydreamsalentejo.com\/#\/schema\/logo\/image\/\",\"url\":\"https:\/\/flydreamsalentejo.com\/wp-content\/uploads\/2023\/01\/Logo.svg\",\"contentUrl\":\"https:\/\/flydreamsalentejo.com\/wp-content\/uploads\/2023\/01\/Logo.svg\",\"width\":164,\"height\":94,\"caption\":\"FlyDreams Alentejo\"},\"image\":{\"@id\":\"https:\/\/flydreamsalentejo.com\/#\/schema\/logo\/image\/\"}}]}<\/script>\n<!-- \/ Yoast SEO plugin. -->","yoast_head_json":{"title":"Contactos - FlyDreams Alentejo","robots":{"index":"index","follow":"follow","max-snippet":"max-snippet:-1","max-image-preview":"max-image-preview:large","max-video-preview":"max-video-preview:-1"},"canonical":"https:\/\/flydreamsalentejo.com\/en\/contactos\/","og_locale":"en_US","og_type":"article","og_title":"Contactos - FlyDreams Alentejo","og_description":"Onde estamos e hor\u00e1rio flydreamsalentejo@gmail.com +351 964 310 216 Herdade dos Barros, 7250-065 Terena, Alandroal, Portugal Hor\u00e1rio Estamos aberto todos os dias Manh\u00e3: das 9:30h \u00e0s 12:30h Tarde: das 14h \u00e0s 20:30h Encerrado: Natal","og_url":"https:\/\/flydreamsalentejo.com\/en\/contactos\/","og_site_name":"FlyDreams Alentejo","article_modified_time":"2023-03-17T11:14:29+00:00","og_image":[{"url":"https:\/\/flydreamsalentejo.com\/wp-content\/uploads\/2023\/01\/email-aviao-3.png","type":"","width":"","height":""}],"twitter_card":"summary_large_image","schema":{"@context":"https:\/\/schema.org","@graph":[{"@type":"WebPage","@id":"https:\/\/flydreamsalentejo.com\/contactos\/","url":"https:\/\/flydreamsalentejo.com\/contactos\/","name":"Contactos - FlyDreams Alentejo","isPartOf":{"@id":"https:\/\/flydreamsalentejo.com\/#website"},"primaryImageOfPage":{"@id":"https:\/\/flydreamsalentejo.com\/contactos\/#primaryimage"},"image":{"@id":"https:\/\/flydreamsalentejo.com\/contactos\/#primaryimage"},"thumbnailUrl":"https:\/\/flydreamsalentejo.com\/wp-content\/uploads\/2023\/01\/email-aviao-3.png","datePublished":"2023-01-23T12:38:55+00:00","dateModified":"2023-03-17T11:14:29+00:00","breadcrumb":{"@id":"https:\/\/flydreamsalentejo.com\/contactos\/#breadcrumb"},"inLanguage":"en-US","potentialAction":[{"@type":"ReadAction","target":["https:\/\/flydreamsalentejo.com\/contactos\/"]}]},{"@type":"ImageObject","inLanguage":"en-US","@id":"https:\/\/flydreamsalentejo.com\/contactos\/#primaryimage","url":"https:\/\/flydreamsalentejo.com\/wp-content\/uploads\/2023\/01\/email-aviao-3.png","contentUrl":"https:\/\/flydreamsalentejo.com\/wp-content\/uploads\/2023\/01\/email-aviao-3.png"},{"@type":"BreadcrumbList","@id":"https:\/\/flydreamsalentejo.com\/contactos\/#breadcrumb","itemListElement":[{"@type":"ListItem","position":1,"name":"Home","item":"https:\/\/flydreamsalentejo.com\/"},{"@type":"ListItem","position":2,"name":"Contactos"}]},{"@type":"WebSite","@id":"https:\/\/flydreamsalentejo.com\/#website","url":"https:\/\/flydreamsalentejo.com\/","name":"FlyDreams Alentejo","description":"Nada se compara a um voo de bal\u00e3o de ar quente.","publisher":{"@id":"https:\/\/flydreamsalentejo.com\/#organization"},"potentialAction":[{"@type":"SearchAction","target":{"@type":"EntryPoint","urlTemplate":"https:\/\/flydreamsalentejo.com\/?s={search_term_string}"},"query-input":{"@type":"PropertyValueSpecification","valueRequired":true,"valueName":"search_term_string"}}],"inLanguage":"en-US"},{"@type":"Organization","@id":"https:\/\/flydreamsalentejo.com\/#organization","name":"FlyDreams Alentejo","url":"https:\/\/flydreamsalentejo.com\/","logo":{"@type":"ImageObject","inLanguage":"en-US","@id":"https:\/\/flydreamsalentejo.com\/#\/schema\/logo\/image\/","url":"https:\/\/flydreamsalentejo.com\/wp-content\/uploads\/2023\/01\/Logo.svg","contentUrl":"https:\/\/flydreamsalentejo.com\/wp-content\/uploads\/2023\/01\/Logo.svg","width":164,"height":94,"caption":"FlyDreams Alentejo"},"image":{"@id":"https:\/\/flydreamsalentejo.com\/#\/schema\/logo\/image\/"}}]}},"_links":{"self":[{"href":"https:\/\/flydreamsalentejo.com\/en\/wp-json\/wp\/v2\/pages\/620","targetHints":{"allow":["GET"]}}],"collection":[{"href":"https:\/\/flydreamsalentejo.com\/en\/wp-json\/wp\/v2\/pages"}],"about":[{"href":"https:\/\/flydreamsalentejo.com\/en\/wp-json\/wp\/v2\/types\/page"}],"author":[{"embeddable":true,"href":"https:\/\/flydreamsalentejo.com\/en\/wp-json\/wp\/v2\/users\/1"}],"replies":[{"embeddable":true,"href":"https:\/\/flydreamsalentejo.com\/en\/wp-json\/wp\/v2\/comments?post=620"}],"version-history":[{"count":0,"href":"https:\/\/flydreamsalentejo.com\/en\/wp-json\/wp\/v2\/pages\/620\/revisions"}],"wp:attachment":[{"href":"https:\/\/flydreamsalentejo.com\/en\/wp-json\/wp\/v2\/media?parent=620"}],"curies":[{"name":"wp","href":"https:\/\/api.w.org\/{rel}","templated":true}]}}