{"id":1947,"date":"2023-03-01T09:30:52","date_gmt":"2023-03-01T09:30:52","guid":{"rendered":"https:\/\/www.flydreamsalentejo.com\/?page_id=1947"},"modified":"2023-03-01T09:47:19","modified_gmt":"2023-03-01T09:47:19","slug":"politica-de-privacidade","status":"publish","type":"page","link":"https:\/\/flydreamsalentejo.com\/en\/politica-de-privacidade\/","title":{"rendered":"Privacy Policy."},"content":{"rendered":"<div data-elementor-type=\"wp-page\" data-elementor-id=\"1947\" class=\"elementor elementor-1947\" data-elementor-post-type=\"page\">\n\t\t\t\t<div class=\"elementor-element elementor-element-addb59b e-flex e-con-boxed e-con e-parent\" data-id=\"addb59b\" data-element_type=\"container\" data-e-type=\"container\">\n\t\t\t\t\t<div class=\"e-con-inner\">\n\t\t\t\t<div class=\"elementor-element elementor-element-eda2deb elementor-widget elementor-widget-heading\" data-id=\"eda2deb\" data-element_type=\"widget\" data-e-type=\"widget\" data-widget_type=\"heading.default\">\n\t\t\t\t<div class=\"elementor-widget-container\">\n\t\t\t\t\t<h2 class=\"elementor-heading-title elementor-size-default\">Privacy Policy.<\/h2>\t\t\t\t<\/div>\n\t\t\t\t<\/div>\n\t\t\t\t\t<\/div>\n\t\t\t\t<\/div>\n\t\t<div class=\"elementor-element elementor-element-507fb2a e-flex e-con-boxed e-con e-parent\" data-id=\"507fb2a\" data-element_type=\"container\" data-e-type=\"container\">\n\t\t\t\t\t<div class=\"e-con-inner\">\n\t\t\t\t<div class=\"elementor-element elementor-element-899b4f6 elementor-widget elementor-widget-text-editor\" data-id=\"899b4f6\" data-element_type=\"widget\" data-e-type=\"widget\" data-widget_type=\"text-editor.default\">\n\t\t\t\t<div class=\"elementor-widget-container\">\n\t\t\t\t\t\t\t\t\t<p>FlyDreams Alentejo Unipessoal, Lda., registered in the Commercial Registry Office of Coimbra under number 516086626, with its registered office at Herdade dos Barros, EN 255, 7250 Terena (S\u00e3o Pedro), Portugal, is committed to protecting the privacy of your personal data in accordance with the personal data protection legislation in force, namely with Regulation (EU) 2016\/679 of the European Parliament and of the Council of 27 April 2016, General Data Protection Regulation \"GDPR\".<\/p><p>This page tells you how we handle your data when you purchase vouchers through this site and in other interactions you have with us.<\/p><p>Any data entered in the specific form for voucher acquisition in this site will be understood as obtained, treated and transmitted in compliance with the requirements established in the RGPD and related legislation.<\/p><p><strong>Controller and Data Protection Officer<\/strong><\/p><p>FlyDreams Alentejo, Unipessoal, Lda. is responsible for the treatment of your data.<\/p><p>Clarifications regarding the Privacy Policy or the treatment of your data can be obtained by sending a letter to our headquarters, or by email\u00a0<a class=\"fui-Link ___1qmgydl f3rmtva f1ewtqcl fyind8e f1k6fduh f1w7gpdv fk6fouc fjoy568 figsok6 f1hu3pq6 f11qmguv f19f4twv f1tyq0we f1g0x7ka fhxju0i f1qch9an f1cnd47f fqv5qza f1vmzxwi f1o700av f13mvf36 f1cmlufx f9n3di6 f1ids18y f1tx3yz7 f1deo86v f1eh06m1 f1iescvh ftqa4ok f2hkw1w fhgqx19 f1olyrje f1p93eir f1h8hb77 f1x7u7e9 f10aw75t fsle3fq\" title=\"mailto:flydreamsalentejo@gmail.com\" href=\"mailto:flydreamsalentejo@gmail.com\" target=\"_blank\" rel=\"noreferrer noopener\" aria-label=\"Link flydreamsalentejo@gmail.com\">flydreamsalentejo@gmail.com<\/a>.<\/p><p><strong>Type of Personal Data, Purposes and Grounds for Processing<\/strong><br \/>It covers the collection of online and offline data from passengers and voucher purchasers, including data collected from travel agencies, hotels, and events in which our company participates.<\/p><p><strong>We collect and process data for various purposes<\/strong><br \/>Data relating to reservations or purchase of services that are absolutely necessary to provide the purchased service and to respond to complaints related to the reservation or purchase of services, such as name, age, weight, email address, cell phone or telephone number, and special requests.<\/p><p>The basis of the data collection is anchored in the contractual relationship.<\/p><p><strong>Satisfaction Surveys<\/strong><br \/>All satisfaction surveys we may send out do not contain any request for personal information, such as your name, so anonymity is assured.<\/p><p>The satisfaction surveys are a management act, based on the continuous improvement of the services provided, and it is not mandatory to fill them out and answer them.<\/p><p>The basis of the processing of this data is its own continuous improvement of the service with an impact on customer satisfaction.<\/p><p>Management and administration: some of the data collected is for compliance with accounting and tax obligations, such as your name, address, and tax ID number.<\/p><p>The reason for processing this data is to fulfill tax and legal obligations.<\/p><p>Commercial and promotional communications: we collect data such as your name, telephone or cell phone number and e-mail address to inform you about our services or promotions and, where appropriate, requesting your consent.<\/p><p>You may at any time object to the processing of your data, as stated below under the heading \"Exercise of your rights\".<\/p><p>The basis for processing this data is the interest of our customers or, where requested, their consent.<\/p><p>Promotional event management: we collect data so that we can manage your participation in events, such as your name, address, mobile or phone number, and e-mail address.<\/p><p>Promotional information can be found in the respective regulations or in their terms and conditions.<\/p><p>The basis for processing your data is your consent.<\/p><p>We retain your data for as long as is strictly necessary.<\/p><p>Personal Data Security Mechanisms:<\/p><p>We use security mechanisms to protect your data, covering technical level measures in line with the RGPD guidelines and rules communicated to all our employees restricting the abusive or illegal use of your data or the loss, damage or destruction of your data.<\/p><p>The data is processed by our employees, who will only access it to the extent strictly necessary and for the specific purposes for which the data was collected.<\/p><p><strong>Exercise of your Rights<\/strong><br \/>Data subjects may ask for:<\/p><ul><li>Access to them;<\/li><\/ul><ul><li>Its rectification;<\/li><li>The right to be forgotten, which guarantees the deletion of your data;<\/li><li>The portability of personal data, which allows you to receive all stored data;<\/li><\/ul><ul><li>The opposition to the processing of personal data;<\/li><li>The revocation of consent to processing, i.e. that you no longer have an interest in the processing of your data, and the consent you have given is deleted.<\/li><\/ul><p>The exercise of these rights depends on a written request, proof of identity, and a list of the rights you wish to exercise, to be sent to our headquarters or to our email.<\/p><p>We will respond to your request, preferably by email, within 2 months.<\/p><p><strong>Supervisory Authority:<\/strong><br \/>If you consider that we are not treating your personal data properly you can file a complaint with the National Commission for Data Protection, CNPD at <a class=\"fui-Link ___1qmgydl f3rmtva f1ewtqcl fyind8e f1k6fduh f1w7gpdv fk6fouc fjoy568 figsok6 f1hu3pq6 f11qmguv f19f4twv f1tyq0we f1g0x7ka fhxju0i f1qch9an f1cnd47f fqv5qza f1vmzxwi f1o700av f13mvf36 f1cmlufx f9n3di6 f1ids18y f1tx3yz7 f1deo86v f1eh06m1 f1iescvh ftqa4ok f2hkw1w fhgqx19 f1olyrje f1p93eir f1h8hb77 f1x7u7e9 f10aw75t fsle3fq\" title=\"https:\/\/www.cnpd.pt.\/\" href=\"https:\/\/www.cnpd.pt.\" target=\"_blank\" rel=\"noreferrer noopener\" aria-label=\"Link www.cnpd.pt.\">www.cnpd.pt.<\/a><\/p><p><strong>Privacy Policy Changes:<\/strong><br \/>Please be advised that we may modify or update our Privacy Policy at any time.<\/p><p>To have access to such updates we recommend that you visit this page as regularly as possible.<\/p>\t\t\t\t\t\t\t\t<\/div>\n\t\t\t\t<\/div>\n\t\t\t\t\t<\/div>\n\t\t\t\t<\/div>\n\t\t\t\t<\/div>","protected":false},"excerpt":{"rendered":"<p>Pol\u00edtica de Privacidade A FlyDreams Alentejo Unipessoal, Lda., matriculada na Conservat\u00f3ria do Registo Comercial de Coimbra sob o n\u00famero 516086626, com sede social na Herdade dos Barros, EN 255, 7250 Terena (S\u00e3o Pedro), Portugal, compromete-se a proteger a privacidade dos seus dados pessoais, de acordo com a legisla\u00e7\u00e3o de prote\u00e7\u00e3o de dados pessoais em vigor, [&hellip;]<\/p>\n","protected":false},"author":1,"featured_media":0,"parent":0,"menu_order":0,"comment_status":"closed","ping_status":"closed","template":"","meta":{"_acf_changed":false,"site-sidebar-layout":"no-sidebar","site-content-layout":"page-builder","ast-site-content-layout":"default","site-content-style":"default","site-sidebar-style":"default","ast-global-header-display":"","ast-banner-title-visibility":"","ast-main-header-display":"","ast-hfb-above-header-display":"","ast-hfb-below-header-display":"","ast-hfb-mobile-header-display":"","site-post-title":"disabled","ast-breadcrumbs-content":"","ast-featured-img":"disabled","footer-sml-layout":"","theme-transparent-header-meta":"","adv-header-id-meta":"","stick-header-meta":"","header-above-stick-meta":"","header-main-stick-meta":"","header-below-stick-meta":"","astra-migrate-meta-layouts":"default","ast-page-background-enabled":"default","ast-page-background-meta":{"desktop":{"background-color":"var(--ast-global-color-4)","background-image":"","background-repeat":"repeat","background-position":"center center","background-size":"auto","background-attachment":"scroll","background-type":"","background-media":"","overlay-type":"","overlay-color":"","overlay-opacity":"","overlay-gradient":""},"tablet":{"background-color":"","background-image":"","background-repeat":"repeat","background-position":"center center","background-size":"auto","background-attachment":"scroll","background-type":"","background-media":"","overlay-type":"","overlay-color":"","overlay-opacity":"","overlay-gradient":""},"mobile":{"background-color":"","background-image":"","background-repeat":"repeat","background-position":"center center","background-size":"auto","background-attachment":"scroll","background-type":"","background-media":"","overlay-type":"","overlay-color":"","overlay-opacity":"","overlay-gradient":""}},"ast-content-background-meta":{"desktop":{"background-color":"var(--ast-global-color-5)","background-image":"","background-repeat":"repeat","background-position":"center center","background-size":"auto","background-attachment":"scroll","background-type":"","background-media":"","overlay-type":"","overlay-color":"","overlay-opacity":"","overlay-gradient":""},"tablet":{"background-color":"var(--ast-global-color-5)","background-image":"","background-repeat":"repeat","background-position":"center center","background-size":"auto","background-attachment":"scroll","background-type":"","background-media":"","overlay-type":"","overlay-color":"","overlay-opacity":"","overlay-gradient":""},"mobile":{"background-color":"var(--ast-global-color-5)","background-image":"","background-repeat":"repeat","background-position":"center center","background-size":"auto","background-attachment":"scroll","background-type":"","background-media":"","overlay-type":"","overlay-color":"","overlay-opacity":"","overlay-gradient":""}},"footnotes":""},"class_list":["post-1947","page","type-page","status-publish","hentry"],"acf":[],"yoast_head":"<!-- This site is optimized with the Yoast SEO plugin v25.4 - https:\/\/yoast.com\/wordpress\/plugins\/seo\/ -->\n<title>Pol\u00edtica de Privacidade - FlyDreams Alentejo<\/title>\n<meta name=\"robots\" content=\"index, follow, max-snippet:-1, max-image-preview:large, max-video-preview:-1\" \/>\n<link rel=\"canonical\" href=\"https:\/\/flydreamsalentejo.com\/en\/politica-de-privacidade\/\" \/>\n<meta property=\"og:locale\" content=\"en_US\" \/>\n<meta property=\"og:type\" content=\"article\" \/>\n<meta property=\"og:title\" content=\"Pol\u00edtica de Privacidade - FlyDreams Alentejo\" \/>\n<meta property=\"og:description\" content=\"Pol\u00edtica de Privacidade A FlyDreams Alentejo Unipessoal, Lda., matriculada na Conservat\u00f3ria do Registo Comercial de Coimbra sob o n\u00famero 516086626, com sede social na Herdade dos Barros, EN 255, 7250 Terena (S\u00e3o Pedro), Portugal, compromete-se a proteger a privacidade dos seus dados pessoais, de acordo com a legisla\u00e7\u00e3o de prote\u00e7\u00e3o de dados pessoais em vigor, [&hellip;]\" \/>\n<meta property=\"og:url\" content=\"https:\/\/flydreamsalentejo.com\/en\/politica-de-privacidade\/\" \/>\n<meta property=\"og:site_name\" content=\"FlyDreams Alentejo\" \/>\n<meta property=\"article:modified_time\" content=\"2023-03-01T09:47:19+00:00\" \/>\n<meta name=\"twitter:card\" content=\"summary_large_image\" \/>\n<meta name=\"twitter:label1\" content=\"Est. reading time\" \/>\n\t<meta name=\"twitter:data1\" content=\"5 minutes\" \/>\n<script type=\"application\/ld+json\" class=\"yoast-schema-graph\">{\"@context\":\"https:\/\/schema.org\",\"@graph\":[{\"@type\":\"WebPage\",\"@id\":\"https:\/\/flydreamsalentejo.com\/politica-de-privacidade\/\",\"url\":\"https:\/\/flydreamsalentejo.com\/politica-de-privacidade\/\",\"name\":\"Pol\u00edtica de Privacidade - FlyDreams Alentejo\",\"isPartOf\":{\"@id\":\"https:\/\/flydreamsalentejo.com\/#website\"},\"datePublished\":\"2023-03-01T09:30:52+00:00\",\"dateModified\":\"2023-03-01T09:47:19+00:00\",\"breadcrumb\":{\"@id\":\"https:\/\/flydreamsalentejo.com\/politica-de-privacidade\/#breadcrumb\"},\"inLanguage\":\"en-US\",\"potentialAction\":[{\"@type\":\"ReadAction\",\"target\":[\"https:\/\/flydreamsalentejo.com\/politica-de-privacidade\/\"]}]},{\"@type\":\"BreadcrumbList\",\"@id\":\"https:\/\/flydreamsalentejo.com\/politica-de-privacidade\/#breadcrumb\",\"itemListElement\":[{\"@type\":\"ListItem\",\"position\":1,\"name\":\"Home\",\"item\":\"https:\/\/flydreamsalentejo.com\/\"},{\"@type\":\"ListItem\",\"position\":2,\"name\":\"Pol\u00edtica de Privacidade\"}]},{\"@type\":\"WebSite\",\"@id\":\"https:\/\/flydreamsalentejo.com\/#website\",\"url\":\"https:\/\/flydreamsalentejo.com\/\",\"name\":\"FlyDreams Alentejo\",\"description\":\"Nada se compara a um voo de bal\u00e3o de ar quente.\",\"publisher\":{\"@id\":\"https:\/\/flydreamsalentejo.com\/#organization\"},\"potentialAction\":[{\"@type\":\"SearchAction\",\"target\":{\"@type\":\"EntryPoint\",\"urlTemplate\":\"https:\/\/flydreamsalentejo.com\/?s={search_term_string}\"},\"query-input\":{\"@type\":\"PropertyValueSpecification\",\"valueRequired\":true,\"valueName\":\"search_term_string\"}}],\"inLanguage\":\"en-US\"},{\"@type\":\"Organization\",\"@id\":\"https:\/\/flydreamsalentejo.com\/#organization\",\"name\":\"FlyDreams Alentejo\",\"url\":\"https:\/\/flydreamsalentejo.com\/\",\"logo\":{\"@type\":\"ImageObject\",\"inLanguage\":\"en-US\",\"@id\":\"https:\/\/flydreamsalentejo.com\/#\/schema\/logo\/image\/\",\"url\":\"https:\/\/flydreamsalentejo.com\/wp-content\/uploads\/2023\/01\/Logo.svg\",\"contentUrl\":\"https:\/\/flydreamsalentejo.com\/wp-content\/uploads\/2023\/01\/Logo.svg\",\"width\":164,\"height\":94,\"caption\":\"FlyDreams Alentejo\"},\"image\":{\"@id\":\"https:\/\/flydreamsalentejo.com\/#\/schema\/logo\/image\/\"}}]}<\/script>\n<!-- \/ Yoast SEO plugin. -->","yoast_head_json":{"title":"Pol\u00edtica de Privacidade - FlyDreams Alentejo","robots":{"index":"index","follow":"follow","max-snippet":"max-snippet:-1","max-image-preview":"max-image-preview:large","max-video-preview":"max-video-preview:-1"},"canonical":"https:\/\/flydreamsalentejo.com\/en\/politica-de-privacidade\/","og_locale":"en_US","og_type":"article","og_title":"Pol\u00edtica de Privacidade - FlyDreams Alentejo","og_description":"Pol\u00edtica de Privacidade A FlyDreams Alentejo Unipessoal, Lda., matriculada na Conservat\u00f3ria do Registo Comercial de Coimbra sob o n\u00famero 516086626, com sede social na Herdade dos Barros, EN 255, 7250 Terena (S\u00e3o Pedro), Portugal, compromete-se a proteger a privacidade dos seus dados pessoais, de acordo com a legisla\u00e7\u00e3o de prote\u00e7\u00e3o de dados pessoais em vigor, [&hellip;]","og_url":"https:\/\/flydreamsalentejo.com\/en\/politica-de-privacidade\/","og_site_name":"FlyDreams Alentejo","article_modified_time":"2023-03-01T09:47:19+00:00","twitter_card":"summary_large_image","twitter_misc":{"Est. reading time":"5 minutes"},"schema":{"@context":"https:\/\/schema.org","@graph":[{"@type":"WebPage","@id":"https:\/\/flydreamsalentejo.com\/politica-de-privacidade\/","url":"https:\/\/flydreamsalentejo.com\/politica-de-privacidade\/","name":"Pol\u00edtica de Privacidade - FlyDreams Alentejo","isPartOf":{"@id":"https:\/\/flydreamsalentejo.com\/#website"},"datePublished":"2023-03-01T09:30:52+00:00","dateModified":"2023-03-01T09:47:19+00:00","breadcrumb":{"@id":"https:\/\/flydreamsalentejo.com\/politica-de-privacidade\/#breadcrumb"},"inLanguage":"en-US","potentialAction":[{"@type":"ReadAction","target":["https:\/\/flydreamsalentejo.com\/politica-de-privacidade\/"]}]},{"@type":"BreadcrumbList","@id":"https:\/\/flydreamsalentejo.com\/politica-de-privacidade\/#breadcrumb","itemListElement":[{"@type":"ListItem","position":1,"name":"Home","item":"https:\/\/flydreamsalentejo.com\/"},{"@type":"ListItem","position":2,"name":"Pol\u00edtica de Privacidade"}]},{"@type":"WebSite","@id":"https:\/\/flydreamsalentejo.com\/#website","url":"https:\/\/flydreamsalentejo.com\/","name":"FlyDreams Alentejo","description":"Nada se compara a um voo de bal\u00e3o de ar quente.","publisher":{"@id":"https:\/\/flydreamsalentejo.com\/#organization"},"potentialAction":[{"@type":"SearchAction","target":{"@type":"EntryPoint","urlTemplate":"https:\/\/flydreamsalentejo.com\/?s={search_term_string}"},"query-input":{"@type":"PropertyValueSpecification","valueRequired":true,"valueName":"search_term_string"}}],"inLanguage":"en-US"},{"@type":"Organization","@id":"https:\/\/flydreamsalentejo.com\/#organization","name":"FlyDreams Alentejo","url":"https:\/\/flydreamsalentejo.com\/","logo":{"@type":"ImageObject","inLanguage":"en-US","@id":"https:\/\/flydreamsalentejo.com\/#\/schema\/logo\/image\/","url":"https:\/\/flydreamsalentejo.com\/wp-content\/uploads\/2023\/01\/Logo.svg","contentUrl":"https:\/\/flydreamsalentejo.com\/wp-content\/uploads\/2023\/01\/Logo.svg","width":164,"height":94,"caption":"FlyDreams Alentejo"},"image":{"@id":"https:\/\/flydreamsalentejo.com\/#\/schema\/logo\/image\/"}}]}},"_links":{"self":[{"href":"https:\/\/flydreamsalentejo.com\/en\/wp-json\/wp\/v2\/pages\/1947","targetHints":{"allow":["GET"]}}],"collection":[{"href":"https:\/\/flydreamsalentejo.com\/en\/wp-json\/wp\/v2\/pages"}],"about":[{"href":"https:\/\/flydreamsalentejo.com\/en\/wp-json\/wp\/v2\/types\/page"}],"author":[{"embeddable":true,"href":"https:\/\/flydreamsalentejo.com\/en\/wp-json\/wp\/v2\/users\/1"}],"replies":[{"embeddable":true,"href":"https:\/\/flydreamsalentejo.com\/en\/wp-json\/wp\/v2\/comments?post=1947"}],"version-history":[{"count":0,"href":"https:\/\/flydreamsalentejo.com\/en\/wp-json\/wp\/v2\/pages\/1947\/revisions"}],"wp:attachment":[{"href":"https:\/\/flydreamsalentejo.com\/en\/wp-json\/wp\/v2\/media?parent=1947"}],"curies":[{"name":"wp","href":"https:\/\/api.w.org\/{rel}","templated":true}]}}